{"id":20,"date":"2024-12-30T15:19:18","date_gmt":"2024-12-30T15:19:18","guid":{"rendered":"https:\/\/avercom.ca\/?page_id=20"},"modified":"2024-12-31T13:15:58","modified_gmt":"2024-12-31T13:15:58","slug":"home","status":"publish","type":"page","link":"https:\/\/avercom.ca\/en\/","title":{"rendered":"Home"},"content":{"rendered":"<div data-elementor-type=\"wp-page\" data-elementor-id=\"20\" class=\"elementor elementor-20\">\n\t\t\t\t<div class=\"elementor-element elementor-element-9a0cacd e-con-full e-flex e-con e-parent\" data-id=\"9a0cacd\" data-element_type=\"container\" data-settings=\"{&quot;background_background&quot;:&quot;video&quot;,&quot;background_video_link&quot;:&quot;https:\\\/\\\/ik.imagekit.io\\\/0r3rbmdhpml\\\/Avercom\\\/home\\\/Avercom-intro_vid.mp4?updatedAt=1735650509923&quot;,&quot;background_play_on_mobile&quot;:&quot;yes&quot;,&quot;background_play_once&quot;:&quot;yes&quot;}\">\n\t\t<div class=\"elementor-background-video-container\" aria-hidden=\"true\">\n\t\t\t\t\t\t\t<video class=\"elementor-background-video-hosted\" autoplay muted playsinline><\/video>\n\t\t\t\t\t<\/div><div class=\"elementor-element elementor-element-ec4acad e-con-full e-flex e-con e-child\" data-id=\"ec4acad\" data-element_type=\"container\">\n\t\t\t\t<div class=\"elementor-element elementor-element-1765a07 elementor-widget elementor-widget-heading\" data-id=\"1765a07\" data-element_type=\"widget\" data-widget_type=\"heading.default\">\n\t\t\t\t\t<h2 class=\"elementor-heading-title elementor-size-default\">Partenaires de<\/h2>\t\t\t\t<\/div>\n\t\t\t\t<div class=\"elementor-element elementor-element-98cfbc3 elementor-widget elementor-widget-heading\" data-id=\"98cfbc3\" data-element_type=\"widget\" data-widget_type=\"heading.default\">\n\t\t\t\t\t<h2 class=\"elementor-heading-title elementor-size-default\">vos projets<\/h2>\t\t\t\t<\/div>\n\t\t\t\t<\/div>\n\t\t<div class=\"elementor-element elementor-element-996572e e-con-full e-flex e-con e-child\" data-id=\"996572e\" data-element_type=\"container\">\n\t\t<div class=\"elementor-element elementor-element-484949d e-con-full e-flex e-con e-child\" data-id=\"484949d\" data-element_type=\"container\">\n\t\t\t\t<div class=\"elementor-element elementor-element-d6d0c48 elementor-widget elementor-widget-text-editor\" data-id=\"d6d0c48\" data-element_type=\"widget\" data-widget_type=\"text-editor.default\">\n\t\t\t\t\t\t\t\t\t<p>Nous nous engageons \u00e0 vous offrir des solutions sur mesure de qualit\u00e9, car la fiabilit\u00e9 de vos r\u00e9seaux est non-n\u00e9gotiable.<\/p>\t\t\t\t\t\t\t\t<\/div>\n\t\t\t\t<div class=\"elementor-element elementor-element-3684610 elementor-widget elementor-widget-button\" data-id=\"3684610\" data-element_type=\"widget\" data-widget_type=\"button.default\">\n\t\t\t\t\t\t\t\t\t\t<a class=\"elementor-button elementor-button-link elementor-size-sm\" href=\"#\">\n\t\t\t\t\t\t<span class=\"elementor-button-content-wrapper\">\n\t\t\t\t\t\t\t\t\t<span class=\"elementor-button-text\">Voir nos produits<\/span>\n\t\t\t\t\t<\/span>\n\t\t\t\t\t<\/a>\n\t\t\t\t\t\t\t\t<\/div>\n\t\t\t\t<\/div>\n\t\t<div class=\"elementor-element elementor-element-aa04b00 e-con-full e-flex e-con e-child\" data-id=\"aa04b00\" data-element_type=\"container\">\n\t\t\t\t<div class=\"elementor-element elementor-element-7a64133 elementor-align-right elementor-widget elementor-widget-lottie\" data-id=\"7a64133\" data-element_type=\"widget\" data-settings=\"{&quot;source_json&quot;:{&quot;url&quot;:&quot;https:\\\/\\\/avercom.ca\\\/wp-content\\\/uploads\\\/2024\\\/12\\\/Animation-1735650830812.json&quot;,&quot;id&quot;:274,&quot;size&quot;:&quot;&quot;,&quot;alt&quot;:&quot;&quot;,&quot;source&quot;:&quot;library&quot;},&quot;loop&quot;:&quot;yes&quot;,&quot;source&quot;:&quot;media_file&quot;,&quot;caption_source&quot;:&quot;none&quot;,&quot;link_to&quot;:&quot;none&quot;,&quot;trigger&quot;:&quot;arriving_to_viewport&quot;,&quot;viewport&quot;:{&quot;unit&quot;:&quot;%&quot;,&quot;size&quot;:&quot;&quot;,&quot;sizes&quot;:{&quot;start&quot;:0,&quot;end&quot;:100}},&quot;play_speed&quot;:{&quot;unit&quot;:&quot;px&quot;,&quot;size&quot;:1,&quot;sizes&quot;:[]},&quot;start_point&quot;:{&quot;unit&quot;:&quot;%&quot;,&quot;size&quot;:&quot;0&quot;,&quot;sizes&quot;:[]},&quot;end_point&quot;:{&quot;unit&quot;:&quot;%&quot;,&quot;size&quot;:&quot;100&quot;,&quot;sizes&quot;:[]},&quot;renderer&quot;:&quot;svg&quot;}\" data-widget_type=\"lottie.default\">\n\t\t\t\t<div class=\"elementor-widget-container\">\n\t\t\t\t\t<div class=\"e-lottie__container\"><div class=\"e-lottie__animation\"><\/div><\/div>\t\t\t\t<\/div>\n\t\t\t\t<\/div>\n\t\t\t\t<\/div>\n\t\t\t\t<\/div>\n\t\t\t\t<\/div>\n\t\t\t\t<\/div>","protected":false},"excerpt":{"rendered":"<p>Partenaires de vos projets Nous nous engageons \u00e0 vous offrir des solutions sur mesure de qualit\u00e9, car la fiabilit\u00e9 de vos r\u00e9seaux est non-n\u00e9gotiable. Voir nos produits<\/p>","protected":false},"author":1,"featured_media":0,"parent":0,"menu_order":0,"comment_status":"closed","ping_status":"closed","template":"","meta":{"footnotes":""},"class_list":["post-20","page","type-page","status-publish","hentry"],"_links":{"self":[{"href":"https:\/\/avercom.ca\/en\/wp-json\/wp\/v2\/pages\/20","targetHints":{"allow":["GET"]}}],"collection":[{"href":"https:\/\/avercom.ca\/en\/wp-json\/wp\/v2\/pages"}],"about":[{"href":"https:\/\/avercom.ca\/en\/wp-json\/wp\/v2\/types\/page"}],"author":[{"embeddable":true,"href":"https:\/\/avercom.ca\/en\/wp-json\/wp\/v2\/users\/1"}],"replies":[{"embeddable":true,"href":"https:\/\/avercom.ca\/en\/wp-json\/wp\/v2\/comments?post=20"}],"version-history":[{"count":142,"href":"https:\/\/avercom.ca\/en\/wp-json\/wp\/v2\/pages\/20\/revisions"}],"predecessor-version":[{"id":280,"href":"https:\/\/avercom.ca\/en\/wp-json\/wp\/v2\/pages\/20\/revisions\/280"}],"wp:attachment":[{"href":"https:\/\/avercom.ca\/en\/wp-json\/wp\/v2\/media?parent=20"}],"curies":[{"name":"wp","href":"https:\/\/api.w.org\/{rel}","templated":true}]}}